{"id":4370,"date":"2022-02-03T13:11:28","date_gmt":"2022-02-03T13:11:28","guid":{"rendered":"https:\/\/www.fluegelverleih-berlin.de\/?page_id=4370"},"modified":"2023-04-05T17:45:35","modified_gmt":"2023-04-05T17:45:35","slug":"references","status":"publish","type":"page","link":"https:\/\/www.fluegelverleih-berlin.de\/en\/references\/","title":{"rendered":"References"},"content":{"rendered":"<p>[vc_row row_content_width=&#8221;grid&#8221; css=&#8221;.vc_custom_1643894220632{border-bottom-width: 50px !important;padding-top: 50px !important;}&#8221;][vc_column][vc_column_text]<\/p>\n<h3>Eine Auswahl-Liste von K\u00fcnstlern, die von Christian Pohl und\/oder Martin Deuker mit Instrument und Stimmung betreut wurden:<\/h3>\n<p>[\/vc_column_text][vc_column_text el_class=&#8221;special_reference&#8221;]<\/p>\n<p style=\"text-align: left;\" align=\"right\"><span style=\"font-family: Arial;\">G\u00f6tz Alsmann<\/span><\/p>\n<p style=\"text-align: left;\" align=\"right\"><span style=\"font-family: Arial;\">Charles Aznavour<\/span><\/p>\n<p style=\"text-align: left;\" align=\"right\"><span style=\"font-family: Arial;\">Daniel Barenboim<\/span><\/p>\n<p style=\"text-align: left;\" align=\"right\"><span style=\"font-family: Arial;\">Michael Bubl\u00e9<\/span><\/p>\n<p style=\"text-align: left;\" align=\"right\"><span style=\"font-family: Arial;\">Jos\u00e9 Carreras<\/span><\/p>\n<p style=\"text-align: left;\" align=\"right\"><span style=\"font-family: Arial;\">Phil Collins<\/span><\/p>\n<p style=\"text-align: left;\" align=\"right\"><span style=\"font-family: Arial;\">Harry Cornick Jr.<\/span><\/p>\n<p style=\"text-align: left;\" align=\"right\"><span style=\"font-family: Arial;\">Annette Dasch<\/span><\/p>\n<p style=\"text-align: left;\" align=\"right\"><span style=\"font-family: Arial;\">Severin von Eckardstein<\/span><\/p>\n<p style=\"text-align: left;\" align=\"right\"><span style=\"font-family: Arial;\">Ludovico Einaudi<\/span><\/p>\n<p style=\"text-align: left;\" align=\"right\"><span style=\"font-family: Arial;\">Helene Fischer<\/span><\/p>\n<p style=\"text-align: left;\" align=\"right\"><span style=\"font-family: Arial;\">Ben Folds<\/span><\/p>\n<p style=\"text-align: left;\" align=\"right\"><span style=\"font-family: Arial;\">Peter Gabriel<\/span><\/p>\n<p style=\"text-align: left;\" align=\"right\"><span style=\"font-family: Arial;\">Rainald Grebe<\/span><\/p>\n<p style=\"text-align: left;\" align=\"right\"><span style=\"font-family: Arial;\"> <span dir=\"auto\"> <span style=\"color: #000000;\">H\u00e9l\u00e8ne Grimaud<\/span><\/span><\/span><\/p>\n<p style=\"text-align: left;\" align=\"right\"><span style=\"font-family: Arial;\">Herbie Hancock<\/span><\/p>\n<p style=\"text-align: left;\" align=\"right\"><span style=\"font-family: Arial;\">David Helfgott<\/span><\/p>\n<p style=\"text-align: left;\" align=\"right\"><span style=\"font-family: Arial;\">Abdullah Ibrahim<\/span><\/p>\n<p style=\"text-align: left;\" align=\"right\"><span style=\"font-family: Arial;\">Joe Jackson<\/span><\/p>\n<p style=\"text-align: left;\" align=\"right\"><span style=\"font-family: Arial;\">Rickie Lee Jones<\/span><\/p>\n<p style=\"text-align: left;\" align=\"right\"><span style=\"font-family: Arial;\">Udo J\u00fcrgens<\/span><\/p>\n<p style=\"text-align: left;\" align=\"right\"><span style=\"font-family: Arial;\">Jonas Kaufmann<\/span><\/p>\n<p style=\"text-align: left;\" align=\"right\"><span style=\"font-family: Arial;\">Nigel Kennedy<\/span><\/p>\n<p style=\"text-align: left;\" align=\"right\"><span style=\"font-family: Arial;\">Sebastian Knauer<\/span><\/p>\n<p style=\"text-align: left;\" align=\"right\"><span style=\"font-family: Arial;\">Diana Krall<\/span><\/p>\n<p style=\"text-align: left;\" align=\"right\"><span style=\"font-family: Arial;\">Manfred Krug<\/span><\/p>\n<p style=\"text-align: left;\" align=\"right\"><span style=\"font-family: Arial;\">Joachim K\u00fchn<\/span><\/p>\n<p style=\"text-align: left;\" align=\"right\"><span style=\"font-family: Arial;\">Paul Kuhn<\/span><\/p>\n<p style=\"text-align: left;\" align=\"right\"><span style=\"font-family: Arial;\">John Legend<\/span><\/p>\n<p style=\"text-align: left;\" align=\"right\"><span style=\"font-family: Arial;\">Ute Lemper<\/span><\/p>\n<p style=\"text-align: left;\" align=\"right\"><span style=\"font-family: Arial;\">Igor Levit<\/span><\/p>\n<p style=\"text-align: left;\" align=\"right\"><span style=\"font-family: Arial;\">Jon Lord<\/span><\/p>\n<p style=\"text-align: left;\" align=\"right\"><span style=\"font-family: Arial;\">Katie Melua<\/span><\/p>\n<p style=\"text-align: left;\" align=\"right\"><span style=\"font-family: Arial;\">Ingo Metzmacher<\/span><\/p>\n<p style=\"text-align: left;\" align=\"right\"><span style=\"font-family: Arial;\">Liza Minelli<\/span><\/p>\n<p style=\"text-align: left;\" align=\"right\"><span style=\"font-family: Arial;\">Ennio Morricone<\/span><\/p>\n<p style=\"text-align: left;\" align=\"right\"><span style=\"font-family: Arial;\">Anne-Sophie Mutter<\/span><\/p>\n<p style=\"text-align: left;\" align=\"right\"><span style=\"font-family: Arial;\">Randy Newman<\/span><\/p>\n<p style=\"text-align: left;\" align=\"right\"><span style=\"font-family: Arial;\">Michael Nyman<\/span><\/p>\n<p style=\"text-align: left;\" align=\"right\"><span style=\"font-family: Arial;\">Mike Oldfield<\/span><\/p>\n<p style=\"text-align: left;\" align=\"right\"><span style=\"font-family: Arial;\">Madeleine Peyroux<\/span><\/p>\n<p style=\"text-align: left;\" align=\"right\"><span style=\"font-family: Arial;\">Thomas Quasthoff<\/span><\/p>\n<p style=\"text-align: left;\" align=\"right\"><span style=\"font-family: Arial;\">Max Raabe<\/span><\/p>\n<p style=\"text-align: left;\" align=\"right\"><span style=\"font-family: Arial;\">Andr\u00e9 Rieu<\/span><\/p>\n<p style=\"text-align: left;\" align=\"right\"><span style=\"font-family: Arial;\">Salut Salon<\/span><\/p>\n<p style=\"text-align: left;\" align=\"right\"><span style=\"font-family: Arial;\">Barbara Sch\u00f6neberger<\/span><\/p>\n<p style=\"text-align: left;\" align=\"right\"><span style=\"font-family: Arial;\">Erwin Schrott<\/span><\/p>\n<p style=\"text-align: left;\" align=\"right\"><span style=\"font-family: Arial;\">Frank Sinatra<\/span><\/p>\n<p style=\"text-align: left;\" align=\"right\"><span style=\"font-family: Arial;\">Esbj\u00f6rn Svensson<\/span><\/p>\n<p style=\"text-align: left;\" align=\"right\"><span style=\"font-family: Arial;\">James Taylor<\/span><\/p>\n<p style=\"text-align: left;\" align=\"right\"><span style=\"font-family: Arial;\">Yann Tiersen<\/span><\/p>\n<p style=\"text-align: left;\" align=\"right\"><span style=\"font-family: Arial;\">Konstantin Wecker<\/span><\/p>\n<p style=\"text-align: left;\" align=\"right\"><span style=\"font-family: Arial;\">Joja Wendt<\/span><\/p>\n<p style=\"text-align: left;\" align=\"right\"><span style=\"font-family: Arial;\">Younee<\/span><\/p>\n<p style=\"text-align: left;\" align=\"right\"><span style=\"font-family: Arial;\">Yundi<\/span><\/p>\n<p>[\/vc_column_text][\/vc_column][\/vc_row][vc_row row_content_width=&#8221;grid&#8221; css=&#8221;.vc_custom_1643894220632{border-bottom-width: 50px !important;padding-top: 50px !important;}&#8221;][vc_column][vc_column_text]<\/p>\n<h3>Einrichtungen und Veranstalter, die zum regelm\u00e4\u00dfigen Leihkundenkreis von Martin Deuker und\/oder Christian Pohl z\u00e4hlen (mit Locations):<\/h3>\n<p>[\/vc_column_text][vc_column_text el_class=&#8221;special_reference&#8221;]<\/p>\n<p align=\"left\"><span style=\"font-family: Arial;\"> <a href=\"http:\/\/www.admiralspalast.de\" target=\"_blank\" rel=\"noopener\"> <span style=\"color: #000000;\">Admiralspalast<\/span><\/a><\/span><\/p>\n<p align=\"left\"><span style=\"font-family: Arial;\">Ausw\u00e4rtiges Amt<\/span><\/p>\n<p align=\"left\"><span style=\"font-family: Arial;\">Bayerische Landesvertretung<\/span><\/p>\n<p align=\"left\"><span style=\"font-family: Arial;\"> <a href=\"http:\/\/www.bcc-berlin.de\/\" target=\"_blank\" rel=\"noopener\"> <span style=\"color: #000000;\">BCC Berlin<\/span><\/a><\/span><\/p>\n<p align=\"left\"><span style=\"font-family: Arial;\">BMW Niederlassung Berlin<\/span><\/p>\n<p align=\"left\"><span style=\"font-family: Arial;\">Botanischer Garten<\/span><\/p>\n<p align=\"left\"><span style=\"font-family: Arial;\">Botschaft Gro\u00dfbritannien<\/span><\/p>\n<p align=\"left\"><span style=\"font-family: Arial;\">Botschaft Niederlande<\/span><\/p>\n<p align=\"left\"><span style=\"font-family: Arial;\">Botschaft Polen<\/span><\/p>\n<p align=\"left\"><span style=\"font-family: Arial;\">Botschaft Ungarn<\/span><\/p>\n<p align=\"left\"><span style=\"font-family: Arial;\">Citadel Music Festival<\/span><\/p>\n<p align=\"left\"><span style=\"font-family: Arial;\">Columbiahalle<\/span><\/p>\n<p align=\"left\"><span style=\"font-family: Arial;\"> <a href=\"http:\/\/www.concertbuero-zahlmann.de\/\" target=\"_blank\" rel=\"noopener\"> <span style=\"color: #000000;\">Concertb\u00fcro Zahlmann<\/span><\/a><\/span><\/p>\n<p align=\"left\"><span style=\"font-family: Arial;\">Deutsches Hist. Museum<\/span><\/p>\n<p align=\"left\"><span style=\"font-family: Arial;\">Estrel Hotel<\/span><\/p>\n<p align=\"left\"><span style=\"font-family: arial;\"> <a href=\"http:\/\/eventisland.de\/ev_ger\/home\" target=\"_blank\" rel=\"noopener\"> <span style=\"color: #000000;\">Event Island<\/span><\/a><\/span><\/p>\n<p align=\"left\"><span style=\"font-family: arial;\">Friedrichstadtpalast<\/span><\/p>\n<p align=\"left\"><span style=\"font-family: Arial;\"> <a href=\"http:\/\/www.gallissas-verlag.de\" target=\"_blank\" rel=\"noopener\"> <span style=\"color: #000000;\">Gallissas Theaterverlag<\/span><\/a><\/span><\/p>\n<p align=\"left\"><span style=\"font-family: arial;\">Grand Hyatt Berlin<\/span><\/p>\n<p align=\"left\"><span style=\"font-family: arial;\">Hardenberg Concept<\/span><\/p>\n<p align=\"left\"><span style=\"font-family: arial;\">Hebbel am Ufer<\/span><\/p>\n<p align=\"left\"><span style=\"font-family: arial;\">Helios Medien<\/span><\/p>\n<p align=\"left\"><span style=\"font-family: arial;\">Highgain Veranstaltungstechnik<\/span><\/p>\n<p align=\"left\"><span style=\"font-family: arial;\">Huxley&#8217;s Neue Welt<\/span><\/p>\n<p align=\"left\"><span style=\"font-family: arial;\">InterContinental Berlin<\/span><\/p>\n<p align=\"left\"><span style=\"font-family: arial;\">Jazz in Town<\/span><\/p>\n<p align=\"left\"><span style=\"font-family: arial;\">J\u00fcdisches Museum<\/span><\/p>\n<p align=\"left\"><span style=\"font-family: arial;\">Kom\u00f6die am Ku&#8217;Damm<\/span><\/p>\n<p align=\"left\"><span style=\"font-family: arial;\">Konzertsaal UdK<\/span><\/p>\n<p align=\"left\"><span style=\"font-family: arial;\">Kulturbrauerei<\/span><\/p>\n<p align=\"left\"><span style=\"font-family: arial;\">Landesvertretung von<\/span><\/p>\n<p align=\"left\"><span style=\"font-family: arial;\">Nordrhein-Westfalen<\/span><\/p>\n<p align=\"left\"><span style=\"font-family: arial;\">Landesvertretung von<\/span><\/p>\n<p align=\"left\"><span style=\"font-family: arial;\">Sachsen-Anhalt<\/span><\/p>\n<p align=\"left\"><span style=\"font-family: arial;\"> <a href=\"http:\/\/www.loft.de\" target=\"_blank\" rel=\"noopener\"> <span style=\"color: #000000;\">Loft Concerts<\/span><\/a><\/span><\/p>\n<p align=\"left\"><span style=\"font-family: arial;\"> <a href=\"http:\/\/www.mci-group.com\/Home\/Product%20Practices\/ME%20Meetings%20and%20Events.aspx\" target=\"_blank\" rel=\"noopener\"> <span style=\"color: #000000;\">MCI Meetings and Events<\/span><\/a><\/span><\/p>\n<p align=\"left\"><span style=\"font-family: Arial;\">MCT Concerts<\/span><\/p>\n<p align=\"left\"><span style=\"font-family: Arial;\"> <a href=\"http:\/\/meistersaal.de\/\" target=\"_blank\" rel=\"noopener\"> <span style=\"color: #000000;\">Meistersaal im Borsigturm<\/span><\/a><\/span><\/p>\n<p align=\"left\"><span style=\"font-family: Arial;\">Meistersaal <\/span><\/p>\n<p align=\"left\"><span style=\"font-family: Arial;\">am Potsdamer Platz<\/span><\/p>\n<p align=\"left\"><span style=\"font-family: Arial;\"> <a href=\"http:\/\/www.mpm-berlin.com\/seiten\/mpm-info.htm\" target=\"_blank\" rel=\"noopener\"> <span style=\"color: #000000;\">MPM Tonstudio<\/span><\/a><\/span><\/p>\n<p align=\"left\"><span style=\"font-family: Arial;\">New Berlin Konzerte<\/span><\/p>\n<p align=\"left\"><span style=\"font-family: Arial;\">O2 World<\/span><\/p>\n<p align=\"left\"><span style=\"font-family: Arial;\">Palace Hotel Berlin<\/span><\/p>\n<p align=\"left\"><span style=\"font-family: Arial;\"> <a href=\"http:\/\/pam.pamevents.de\/\" target=\"_blank\" rel=\"noopener\"> <span style=\"color: #000000;\">PAM\/Events GmbH<\/span><\/a><\/span><\/p>\n<p align=\"left\"><span style=\"font-family: Arial;\">Parkb\u00fchne Wuhlheide<\/span><\/p>\n<p align=\"left\"><span style=\"font-family: Arial;\">Postbahnhof am Ostbahnhof<\/span><\/p>\n<p align=\"left\"><span style=\"font-family: Arial;\">Radialsystem V<\/span><\/p>\n<p align=\"left\"><span style=\"font-family: Arial;\">Ritz Carlton Berlin<\/span><\/p>\n<p align=\"left\"><span style=\"font-family: Arial;\">Schlosshotel Grunewald<\/span><\/p>\n<p align=\"left\"><span style=\"font-family: Arial;\"> <a href=\"http:\/\/www.semmel.de\/\" target=\"_blank\" rel=\"noopener\"> <span style=\"color: #000000;\">Semmel Concerts<\/span><\/a><\/span><\/p>\n<p align=\"left\"><span style=\"font-family: Arial;\">Spielbank Berlin<\/span><\/p>\n<p align=\"left\"><span style=\"font-family: Arial;\">Tempodrom<\/span><\/p>\n<p align=\"left\"><span style=\"font-family: Arial;\"> <a href=\"http:\/\/www.trinityconcerts.de\/\" target=\"_blank\" rel=\"noopener\"> <span style=\"color: #000000;\">Trinitiy Concerts<\/span><\/a><\/span><\/p>\n<p align=\"left\"><span style=\"font-family: Arial;\"> <a href=\"http:\/\/www.tse-ag.com\/\" target=\"_blank\" rel=\"noopener\"> <span style=\"color: #000000;\">TSE Event AG<\/span><\/a><\/span><\/p>\n<p align=\"left\"><span style=\"font-family: Arial;\"> <a href=\"http:\/\/www.unerhoerte-musik.de\/index.htm\" target=\"_blank\" rel=\"noopener\"> <span style=\"color: #000000;\">Unerh\u00f6rte Musik<\/span><\/a><\/span><\/p>\n<p align=\"left\"><span style=\"font-family: Arial;\"> <a href=\"http:\/\/www.u-ton.de\/13721.html\" target=\"_blank\" rel=\"noopener\"> <span style=\"color: #000000;\">U-Ton Veranstaltungstechnik<\/span><\/a><\/span><\/p>\n<p align=\"left\"><span style=\"font-family: Arial;\">Waldb\u00fchne<\/span><\/p>\n<p align=\"left\"><span style=\"font-family: Arial;\"> <a href=\"http:\/\/www.ziegler-film.com\/\" target=\"_blank\" rel=\"noopener\"> <span style=\"color: #000000;\">Ziegler Film<\/span><\/a><\/span><\/p>\n<p align=\"left\"><span style=\"font-family: Arial;\">Zoologischer Garten Berlin<\/span><\/p>\n<p>[\/vc_column_text][\/vc_column][\/vc_row]<\/p>\n","protected":false},"excerpt":{"rendered":"<p>[vc_row row_content_width=&#8221;grid&#8221; css=&#8221;.vc_custom_1643894220632{border-bottom-width: 50px !important;padding-top: 50px !important;}&#8221;][vc_column][vc_column_text] Eine Auswahl-Liste von K\u00fcnstlern, die von Christian Pohl und\/oder Martin Deuker mit Instrument und Stimmung betreut wurden: [\/vc_column_text][vc_column_text el_class=&#8221;special_reference&#8221;] G\u00f6tz Alsmann Charles Aznavour Daniel Barenboim Michael Bubl\u00e9 Jos\u00e9 Carreras Phil Collins Harry Cornick Jr. Annette Dasch Severin von [&hellip;]<\/p>\n","protected":false},"author":1,"featured_media":0,"parent":0,"menu_order":0,"comment_status":"closed","ping_status":"closed","template":"full-width.php","meta":{"footnotes":""},"class_list":["post-4370","page","type-page","status-publish","hentry"],"_links":{"self":[{"href":"https:\/\/www.fluegelverleih-berlin.de\/en\/wp-json\/wp\/v2\/pages\/4370","targetHints":{"allow":["GET"]}}],"collection":[{"href":"https:\/\/www.fluegelverleih-berlin.de\/en\/wp-json\/wp\/v2\/pages"}],"about":[{"href":"https:\/\/www.fluegelverleih-berlin.de\/en\/wp-json\/wp\/v2\/types\/page"}],"author":[{"embeddable":true,"href":"https:\/\/www.fluegelverleih-berlin.de\/en\/wp-json\/wp\/v2\/users\/1"}],"replies":[{"embeddable":true,"href":"https:\/\/www.fluegelverleih-berlin.de\/en\/wp-json\/wp\/v2\/comments?post=4370"}],"version-history":[{"count":9,"href":"https:\/\/www.fluegelverleih-berlin.de\/en\/wp-json\/wp\/v2\/pages\/4370\/revisions"}],"predecessor-version":[{"id":4384,"href":"https:\/\/www.fluegelverleih-berlin.de\/en\/wp-json\/wp\/v2\/pages\/4370\/revisions\/4384"}],"wp:attachment":[{"href":"https:\/\/www.fluegelverleih-berlin.de\/en\/wp-json\/wp\/v2\/media?parent=4370"}],"curies":[{"name":"wp","href":"https:\/\/api.w.org\/{rel}","templated":true}]}}